{"id":146,"date":"2022-06-16T16:02:55","date_gmt":"2022-06-16T14:02:55","guid":{"rendered":"https:\/\/sconseil-coaching.com\/?page_id=146"},"modified":"2023-02-02T15:29:02","modified_gmt":"2023-02-02T14:29:02","slug":"qui-sommes-nous","status":"publish","type":"page","link":"https:\/\/sconseil-coaching.com\/index.php\/qui-sommes-nous\/","title":{"rendered":"Qui sommes nous"},"content":{"rendered":"\n<p class=\"has-text-align-left\"><strong><em>Le Cabinet SConseil<\/em><\/strong>, OF (organisme de formation) <strong>certifi\u00e9 Qualiopi<\/strong>, vous accompagne depuis 2010 dans la r\u00e9ussite de vos projets et mobilisons de nombreux outils emprunt\u00e9s aux techniques de management, de gestions des conflits, des priorit\u00e9s et du stress, d\u2019Intelligence Collective (ex CODEV) et Intelligence \u00e9motionnelle.<\/p>\n\n\n\n<p>Nous mettons \u00e0 votre service une culture crois\u00e9e pour d\u00e9velopper avec vous les outils d\u2019am\u00e9lioration qui vont donner du sens \u00e0 l\u2019action de vos collaborateurs et de vos \u00e9quipes.<\/p>\n\n\n\n<p>Les prestations de formation que nous concevons et animons sont r\u00e9alis\u00e9es au plus pr\u00e8s de vos besoins. Notre objectif est de r\u00e9v\u00e9ler le potentiel de votre organisation et l&rsquo;ensemble de vos \u00e9quipes.<\/p>\n\n\n\n<p><strong><em>Sarah Coste<\/em><\/strong> Dirigeante du Cabinet SConseil<\/p>\n","protected":false},"excerpt":{"rendered":"<p>Le Cabinet SConseil, OF (organisme de formation) certifi\u00e9 Qualiopi, vous accompagne depuis 2010 dans la r\u00e9ussite de vos projets et mobilisons de nombreux outils emprunt\u00e9s aux techniques de management, de gestions des conflits, des priorit\u00e9s et du stress, d\u2019Intelligence Collective (ex CODEV) et Intelligence \u00e9motionnelle. Nous mettons \u00e0 votre service une culture crois\u00e9e pour d\u00e9velopper &hellip; <\/p>\n<p class=\"link-more\"><a href=\"https:\/\/sconseil-coaching.com\/index.php\/qui-sommes-nous\/\" class=\"more-link\">Continuer la lecture<span class=\"screen-reader-text\"> de &laquo;&nbsp;Qui sommes nous&nbsp;&raquo;<\/span><\/a><\/p>\n","protected":false},"author":1,"featured_media":0,"parent":0,"menu_order":0,"comment_status":"closed","ping_status":"closed","template":"","meta":{"footnotes":""},"class_list":["post-146","page","type-page","status-publish","hentry"],"_links":{"self":[{"href":"https:\/\/sconseil-coaching.com\/index.php\/wp-json\/wp\/v2\/pages\/146","targetHints":{"allow":["GET"]}}],"collection":[{"href":"https:\/\/sconseil-coaching.com\/index.php\/wp-json\/wp\/v2\/pages"}],"about":[{"href":"https:\/\/sconseil-coaching.com\/index.php\/wp-json\/wp\/v2\/types\/page"}],"author":[{"embeddable":true,"href":"https:\/\/sconseil-coaching.com\/index.php\/wp-json\/wp\/v2\/users\/1"}],"replies":[{"embeddable":true,"href":"https:\/\/sconseil-coaching.com\/index.php\/wp-json\/wp\/v2\/comments?post=146"}],"version-history":[{"count":5,"href":"https:\/\/sconseil-coaching.com\/index.php\/wp-json\/wp\/v2\/pages\/146\/revisions"}],"predecessor-version":[{"id":215,"href":"https:\/\/sconseil-coaching.com\/index.php\/wp-json\/wp\/v2\/pages\/146\/revisions\/215"}],"wp:attachment":[{"href":"https:\/\/sconseil-coaching.com\/index.php\/wp-json\/wp\/v2\/media?parent=146"}],"curies":[{"name":"wp","href":"https:\/\/api.w.org\/{rel}","templated":true}]}}